{"id":14885,"date":"2024-07-07T18:38:51","date_gmt":"2024-07-07T10:38:51","guid":{"rendered":"https:\/\/www.cmovalve.com.cn\/?post_type=product&#038;p=14885"},"modified":"2025-07-02T16:03:46","modified_gmt":"2025-07-02T08:03:46","slug":"cast-iron-bidirectional-knife-gate-valve-dn65","status":"publish","type":"product","link":"https:\/\/www.cmovalve.com.cn\/cs_cz\/product\/cast-iron-bidirectional-knife-gate-valve-dn65\/","title":{"rendered":"Litinov\u00fd obousm\u011brn\u00fd n\u016f\u017e se \u0161oup\u00e1tkem-DN65"},"content":{"rendered":"<h1><strong>Litinov\u00fd obousm\u011brn\u00fd n\u016f\u017e se \u0161oup\u00e1tkem-DN65<\/strong><\/h1>\n<div class=\"row\">\n<div class=\"col-sm-8\">\n<div class=\"tab-content\">\n<div id=\"tab-description\" class=\"tab-pane active\">\n<div class=\"product info detailed\">\n<div id=\"additional\" class=\"data item content\" data-role=\"content\">\n<div class=\"additional-attributes-wrapper table-wrapper\">\n<table id=\"product-attribute-specs-table\" class=\"data table additional-attributes\">\n<caption class=\"table-caption\">Podrobnosti na<\/caption>\n<tbody>\n<tr>\n<th scope=\"row\">Certifik\u00e1t mo\u017enosti 3.1<\/th>\n<td data-th=\"Option certificate 3.1\">Ano<\/td>\n<\/tr>\n<tr>\n<th scope=\"row\">Typ barvy<\/th>\n<td data-th=\"Type of paint\">Epoxid\/polyester<\/td>\n<\/tr>\n<tr>\n<th scope=\"row\">Tlou\u0161\u0165ka n\u00e1t\u011bru (\u00b5m)<\/th>\n<td data-th=\"Paint coating thickness (\u00b5m)\">150.00<\/td>\n<\/tr>\n<tr>\n<th scope=\"row\">Norma pro zkou\u0161ku t\u011bsnosti<\/th>\n<td data-th=\"Tightness test standard\">ISO 5208. Sazba A<\/td>\n<\/tr>\n<tr>\n<th scope=\"row\">Otev\u00edrac\u00ed za\u0159\u00edzen\u00ed<\/th>\n<td data-th=\"Opening device\">Ru\u010dn\u00ed kole\u010dko<\/td>\n<\/tr>\n<tr>\n<th scope=\"row\">Aplikace<\/th>\n<td data-th=\"Application\">Z\u00e1sobov\u00e1n\u00ed vodou a distribu\u010dn\u00ed s\u00ed\u0165<\/td>\n<\/tr>\n<tr>\n<th scope=\"row\">Mat\u00e9rie h\u0159\u00eddele\/stonku<\/th>\n<td data-th=\"Shaft\/stem mat\u00e9rial\">Nerezov\u00e1 ocel AISI 304<\/td>\n<\/tr>\n<tr>\n<th scope=\"row\">Pr\u016fm\u011br pr\u016fchodu<\/th>\n<td data-th=\"Diameter of passage\">65.00<\/td>\n<\/tr>\n<tr>\n<th scope=\"row\">DN<\/th>\n<td data-th=\"DN\">65<\/td>\n<\/tr>\n<tr>\n<th scope=\"row\">\u010celn\u00ed plocha (mm)<\/th>\n<td data-th=\"Face to Face (mm)\">40.0<\/td>\n<\/tr>\n<tr>\n<th scope=\"row\">Fluid<\/th>\n<td data-th=\"Fluid\">Abrazivn\u00ed kapaliny \/ \u0161pinav\u00e1 voda \/ kaly<\/td>\n<\/tr>\n<tr>\n<th scope=\"row\">Materi\u00e1l karoserie<\/th>\n<td data-th=\"Body material\">Litina<\/td>\n<\/tr>\n<tr>\n<th scope=\"row\">Po\u010det sn\u00edma\u010d\u016f<\/th>\n<td data-th=\"Number of sensors\">0<\/td>\n<\/tr>\n<tr>\n<th scope=\"row\">Balic\u00ed v\u00fdvodka<\/th>\n<td data-th=\"Packing gland\">Ano<\/td>\n<\/tr>\n<tr>\n<th scope=\"row\">PS (bar)<\/th>\n<td data-th=\"PS (bar)\">10<\/td>\n<\/tr>\n<tr>\n<th scope=\"row\">P\u0159ipojen\u00ed<\/th>\n<td data-th=\"Connections\">Mezi p\u0159\u00edrubami PN10\/16<\/td>\n<\/tr>\n<tr>\n<th scope=\"row\">RAL (barva)<\/th>\n<td data-th=\"RAL (Paint)\">5005<\/td>\n<\/tr>\n<tr>\n<th scope=\"row\">Sedadla<\/th>\n<td data-th=\"Seats\">EPDM<\/td>\n<\/tr>\n<tr>\n<th scope=\"row\">TS max (\u00b0C)<\/th>\n<td data-th=\"TS max (\u00b0C)\">110<\/td>\n<\/tr>\n<tr>\n<th scope=\"row\">TS min (\u00b0C)<\/th>\n<td data-th=\"TS min (\u00b0C)\">-15<\/td>\n<\/tr>\n<tr>\n<th scope=\"row\">Z\u00e1ru\u010dn\u00ed doba<\/th>\n<td data-th=\"Warranty period\">2 roky<\/td>\n<\/tr>\n<tr>\n<th scope=\"row\">Typ kmene<\/th>\n<td data-th=\"Type of stem\">Nezvy\u0161uj\u00edc\u00ed se<\/td>\n<\/tr>\n<tr>\n<th scope=\"row\">Hlavn\u00ed barva v\u00fdrobku<\/th>\n<td data-th=\"Main product colour\">Modr\u00e1<\/td>\n<\/tr>\n<\/tbody>\n<\/table>\n<ol>\n<li><a href=\"https:\/\/www.cmovalve.com.cn\/wp-content\/uploads\/2024\/07\/BI-DIRECTIONAL-KNIFE-GATE-VALVE.pdf\" target=\"_blank\" rel=\"noopener\"><span style=\"color: #0000ff;\">BI-DIRECTIONAL-KNIFE-GATE-VALVE-PDF-CATALOGUE<\/span><\/a><\/li>\n<li><a href=\"https:\/\/www.cmovalve.com.cn\/cs_cz\/kontakt-bfv-valve\/\" target=\"_blank\" rel=\"noopener\"><span style=\"color: #0000ff;\">KONTAKTUJTE N\u00c1S<\/span><\/a><\/li>\n<li><a href=\"https:\/\/www.cmovalve.com.cn\/cs_cz\/proc-si-vybrat-nas\/\" target=\"_blank\" rel=\"noopener\"><span style=\"color: #0000ff;\">PRO\u010c SI VYBRAT N\u00c1S<\/span><\/a><\/li>\n<li><a href=\"https:\/\/www.cmovalve.com.cn\/cs_cz\/o-spolecnosti-bfv-valve\/\" target=\"_blank\" rel=\"noopener\"><span style=\"color: #0000ff;\">O N\u00c1S<\/span><\/a><\/li>\n<li><a href=\"https:\/\/www.cmovalve.com.cn\/cs_cz\/nastroje-pro-dimenzovani-regulacnich-ventilu-brozury-vykresy-ventilu-certifikaty-regulacnich-ventilu-datove-listy\/\" target=\"_blank\" rel=\"noopener\"><span style=\"color: #0000ff;\">DATOV\u00dd LIST V\u0160ECH VENTIL\u016e<\/span><\/a><\/li>\n<\/ol>\n<\/div>\n<\/div>\n<\/div>\n<\/div>\n<\/div>\n<\/div>\n<\/div>","protected":false},"excerpt":{"rendered":"<h1><strong>Litinov\u00fd obousm\u011brn\u00fd n\u016f\u017e se \u0161oup\u00e1tkem-DN65<\/strong><\/h1>\n<ul class=\"list-unstyled\">\n<li>Zna\u010dka:\u00a0<a href=\"https:\/\/www.cmovalve.com.cn\/cs_cz\/\" target=\"_blank\" rel=\"noopener\">\u010c\u00edna<\/a><\/li>\n<li>Product Code: Cast iron knife gate valve wheel DN65<\/li>\n<li>Dostupnost: Skladem<\/li>\n<\/ul>","protected":false},"featured_media":14884,"comment_status":"closed","ping_status":"closed","template":"","meta":{"iawp_total_views":3},"product_brand":[],"product_cat":[111,145],"product_tag":[],"class_list":{"0":"post-14885","1":"product","2":"type-product","3":"status-publish","4":"has-post-thumbnail","6":"product_cat-knife-gate-valve","7":"product_cat-cast-iron-bidirectional-knife-gate-valve","9":"first","10":"instock","11":"featured","12":"shipping-taxable","13":"product-type-simple"},"_links":{"self":[{"href":"https:\/\/www.cmovalve.com.cn\/cs_cz\/wp-json\/wp\/v2\/product\/14885"}],"collection":[{"href":"https:\/\/www.cmovalve.com.cn\/cs_cz\/wp-json\/wp\/v2\/product"}],"about":[{"href":"https:\/\/www.cmovalve.com.cn\/cs_cz\/wp-json\/wp\/v2\/types\/product"}],"replies":[{"embeddable":true,"href":"https:\/\/www.cmovalve.com.cn\/cs_cz\/wp-json\/wp\/v2\/comments?post=14885"}],"wp:featuredmedia":[{"embeddable":true,"href":"https:\/\/www.cmovalve.com.cn\/cs_cz\/wp-json\/wp\/v2\/media\/14884"}],"wp:attachment":[{"href":"https:\/\/www.cmovalve.com.cn\/cs_cz\/wp-json\/wp\/v2\/media?parent=14885"}],"wp:term":[{"taxonomy":"product_brand","embeddable":true,"href":"https:\/\/www.cmovalve.com.cn\/cs_cz\/wp-json\/wp\/v2\/product_brand?post=14885"},{"taxonomy":"product_cat","embeddable":true,"href":"https:\/\/www.cmovalve.com.cn\/cs_cz\/wp-json\/wp\/v2\/product_cat?post=14885"},{"taxonomy":"product_tag","embeddable":true,"href":"https:\/\/www.cmovalve.com.cn\/cs_cz\/wp-json\/wp\/v2\/product_tag?post=14885"}],"curies":[{"name":"wp","href":"https:\/\/api.w.org\/{rel}","templated":true}]}}