{"id":12741,"date":"2024-05-19T10:40:42","date_gmt":"2024-05-19T02:40:42","guid":{"rendered":"https:\/\/www.cmovalve.com.cn\/?post_type=product&#038;p=12741"},"modified":"2025-07-02T16:04:24","modified_gmt":"2025-07-02T08:04:24","slug":"dobbeltrettet-hojtryksskydeventil","status":"publish","type":"product","link":"https:\/\/www.cmovalve.com.cn\/da_dk\/product\/dobbeltrettet-hojtryksskydeventil\/","title":{"rendered":"TOVEJS H\u00d8JTRYKSSKYDEVENTIL MED KNIV"},"content":{"rendered":"<h2><strong>TOVEJS H\u00d8JTRYKS-KNIVSKYDEVENTIL I WAFER-STIL TIL GENERELLE INDUSTRI- OG VANDANVENDELSER<\/strong><\/h2>\n<div data-slate-node=\"element\">Knife gate er en tovejsventil, der er designet til generelle industrielle serviceopgaver.<br \/>\nDesignet af krop og s\u00e6de sikrer ikke-tilstoppende lukning af suspenderede stoffer i industrier som f.eks:<\/div>\n<h3 data-slate-node=\"element\" data-slate-fragment=\"JTVCJTdCJTIydHlwZSUyMiUzQSUyMnBhcmFncmFwaCUyMiUyQyUyMmNoaWxkcmVuJTIyJTNBJTVCJTdCJTIyaWQlMjIlM0ElMjIwajVyRHJYR3F2JTIyJTJDJTIycGFyYUlkeCUyMiUzQTAlMkMlMjJzcmMlMjIlM0ElMjJEb3VibGUlMjBzZWF0JTIwa25pZmUlMjBnYXRlJTIwdmFsdmUlMjBpcyUyMGElMjBjbGFtcCUyMHZhbHZlJTIwZGVzaWduZWQlMjBmb3IlMjBhJTIwd2lkZSUyMHJhbmdlJTIwb2YlMjBpbmR1c3RyaWFsJTIwYXBwbGljYXRpb25zLiUyMCUyMiUyQyUyMmRzdCUyMiUzQSUyMiVFNSU4RiU4QyVFNSVCQSVBNyVFNSU4OCU4MCVFOSU5NyVCOCVFOSU5OCU4MCVFNiU5OCVBRiVFNCVCOCU4MCVFNyVBNyU4RCVFNCVCOCVCQSVFNSVCOSVCRiVFNiVCMyU5QiVFNyU5QSU4NCVFNSVCNyVBNSVFNCVCOCU5QSVFNSVCQSU5NCVFNyU5NCVBOCVFOCU4MCU4QyVFOCVBRSVCRSVFOCVBRSVBMSVFNyU5QSU4NCVFNSVBNCVCOSVFNSVCQyU4RiVFOSU5OCU4MCVFOSU5NyVBOCVFMyU4MCU4MiUyMiUyQyUyMm1ldGFkYXRhJTIyJTNBJTIyJTIyJTJDJTIybWV0YURhdGElMjIlM0ElNUIlNUQlMkMlMjJ0ZXh0JTIyJTNBJTIyRG91YmxlJTIwc2VhdCUyMGtuaWZlJTIwZ2F0ZSUyMHZhbHZlJTIwaXMlMjBhJTIwY2xhbXAlMjB2YWx2ZSUyMGRlc2lnbmVkJTIwZm9yJTIwYSUyMHdpZGUlMjByYW5nZSUyMG9mJTIwaW5kdXN0cmlhbCUyMGFwcGxpY2F0aW9ucy4lMjAlMjIlN0QlNUQlN0QlMkMlN0IlMjJ0eXBlJTIyJTNBJTIycGFyYWdyYXBoJTIyJTJDJTIyY2hpbGRyZW4lMjIlM0ElNUIlN0IlMjJpZCUyMiUzQSUyMmowd1plRFdvNWUlMjIlMkMlMjJwYXJhSWR4JTIyJTNBMSUyQyUyMnNyYyUyMiUzQSUyMlRoZSUyMGR1YWwlMjBzZWF0JTIwZGVzaWduJTIwZW5hYmxlcyUyMGJpLWRpcmVjdGlvbmFsJTIwZmxvdyUyMGludGVyY2VwdGlvbi4lMjAlMjIlMkMlMjJkc3QlMjIlM0ElMjIlRTUlOEYlOEMlRTUlQkElQTclRTglQUUlQkUlRTglQUUlQTElRTUlOEYlQUYlRTUlQUUlOUUlRTclOEUlQjAlRTUlOEYlOEMlRTUlOTAlOTElRTYlQjUlODElRTklODclOEYlRTYlOEIlQTYlRTYlODglQUElRTMlODAlODIlMjIlMkMlMjJtZXRhZGF0YSUyMiUzQSUyMiUyMiUyQyUyMm1ldGFEYXRhJTIyJTNBJTVCJTVEJTJDJTIydGV4dCUyMiUzQSUyMlRoZSUyMGR1YWwlMjBzZWF0JTIwZGVzaWduJTIwZW5hYmxlcyUyMGJpLWRpcmVjdGlvbmFsJTIwZmxvdyUyMGludGVyY2VwdGlvbi4lMjAlMjIlN0QlNUQlN0QlMkMlN0IlMjJ0eXBlJTIyJTNBJTIycGFyYWdyYXBoJTIyJTJDJTIyY2hpbGRyZW4lMjIlM0ElNUIlN0IlMjJpZCUyMiUzQSUyMlk5NWRWWlkxcWslMjIlMkMlMjJwYXJhSWR4JTIyJTNBMiUyQyUyMnNyYyUyMiUzQSUyMlRoZSUyMHZhbHZlJTIwYm9keSUyMGRlc2lnbiUyMG9mJTIwYSUyMGR1YWwlMjBzZWF0JTIwdmFsdmUlMjBhbmQlMjB0d28lMjBydWJiZXIlMjBsaW5lZCUyMHNlYXRzJTIwbWFrZSUyMGl0JTIwc3VpdGFibGUlMjBmb3IlMjBpbmR1c3RyaWVzJTIwdGhhdCUyMGhhbmRsZSUyMGFicmFzaXZlJTIwc2x1cnJpZXMlMkMlMjBzdWNoJTIwYXMlM0ElMjIlMkMlMjJkc3QlMjIlM0ElMjIlRTUlOEYlOEMlRTUlQkElQTclRTklOTglODAlRTUlOTIlOEMlRTQlQjglQTQlRTQlQjglQUElRTYlQTklQTElRTglODMlQjYlRTUlODYlODUlRTglQTElQUMlRTklOTglODAlRTUlQkElQTclRTclOUElODQlRTklOTglODAlRTQlQkQlOTMlRTglQUUlQkUlRTglQUUlQTElRTQlQkQlQkYlRTUlODUlQjYlRTklODAlODIlRTclOTQlQTglRTQlQkElOEUlRTUlQTQlODQlRTclOTAlODYlRTclQTAlOTQlRTclQTMlQTglRTYlQjUlODYlRTYlOTYlOTklRTclOUElODQlRTglQTElOEMlRTQlQjglOUElRUYlQkMlOEMlRTQlQkUlOEIlRTUlQTYlODIlRUYlQkMlOUElMjIlMkMlMjJtZXRhZGF0YSUyMiUzQSUyMiUyMiUyQyUyMm1ldGFEYXRhJTIyJTNBJTVCJTVEJTJDJTIydGV4dCUyMiUzQSUyMlRoZSUyMHZhbHZlJTIwYm9keSUyMGRlc2lnbiUyMG9mJTIwYSUyMGR1YWwlMjBzZWF0JTIwdmFsdmUlMjBhbmQlMjB0d28lMjBydWJiZXIlMjBsaW5lZCUyMHNlYXRzJTIwbWFrZSUyMGl0JTIwc3VpdGFibGUlMjBmb3IlMjBpbmR1c3RyaWVzJTIwdGhhdCUyMGhhbmRsZSUyMGFicmFzaXZlJTIwc2x1cnJpZXMlMkMlMjBzdWNoJTIwYXMlM0ElMjIlN0QlNUQlN0QlNUQ=\"><strong>S\u00e5som<\/strong><\/h3>\n<p><strong>-Rensningsanl\u00e6g til spildevand<br \/>\n-Kemiske anl\u00e6g<br \/>\n-Mad og drikke<br \/>\n<\/strong><\/p>\n<h3><strong>Dimensioner<\/strong><\/h3>\n<p><strong>DN 50 TIL DN 600 (ST\u00d8RRE DIAMETRE P\u00c5 FORESP\u00d8RGSEL)<\/strong><\/p>\n<h3><strong>ARBEJDSTRYK<\/strong><\/h3>\n<p><strong>DN 50 til DN 250: 10 bar<br \/>\nDN 300 til DN 400: 6 bar<br \/>\nDN 450: 5 bar<br \/>\nDN 500 til DN 600: 4 bar<br \/>\n<\/strong><\/p>\n<p><strong>Bem\u00e6rk: h\u00f8jere arbejdstryk p\u00e5 foresp\u00f8rgsel.<\/strong><\/p>\n<h3><strong>STANDARD FLANGETILSLUTNING<\/strong><\/h3>\n<p><strong>EN1092 PN10<\/strong><br \/>\n<strong>ANSI B16.5 (KLASSE 150)<\/strong><\/p>\n<h3><strong>RETNINGSLINJER<\/strong><\/h3>\n<p><strong>DIR 2006\/42\/CE (MASKINER)<\/strong><br \/>\n<strong>DIR 2014\/68\/EU (PED) V\u00c6SKE: GRUPPE 1(B), 2 (KAT. I, MOD. A)<\/strong><br \/>\n<strong>DIR 2014\/34\/EU (ATEX) <\/strong><strong>CERTIFICATION EN 14432: 2014 TANKS FOR THE TRANSPORT OF DANGEROUS GOODS (UNDER REQUEST)<\/strong><\/p>\n<h2><span data-slate-fragment=\"JTVCJTdCJTIydHlwZSUyMiUzQSUyMnBhcmFncmFwaCUyMiUyQyUyMmNoaWxkcmVuJTIyJTNBJTVCJTdCJTIyaWQlMjIlM0ElMjIzellQcmxvWU1WJTIyJTJDJTIycGFyYUlkeCUyMiUzQTAlMkMlMjJzcmMlMjIlM0ElMjJWaWV3JTIwc3BlY2lmaWNhdGlvbiUyMGNhdG9sb2d1ZSUyMiUyQyUyMmRzdCUyMiUzQSUyMiVFNiU5RiVBNSVFNyU5QyU4QiVFOCVBNyU4NCVFOCU4QyU4MyVFNSU4OCU4NiVFNyVCMSVCQiUyMiUyQyUyMm1ldGFkYXRhJTIyJTNBJTIyJTIyJTJDJTIybWV0YURhdGElMjIlM0ElNUIlNUQlMkMlMjJ0ZXh0JTIyJTNBJTIyVmlldyUyMHNwZWNpZmljYXRpb24lMjBjYXRvbG9ndWUlMjIlN0QlNUQlN0QlNUQ=\"><img decoding=\"async\" class=\"alignnone wp-image-13377\" src=\"https:\/\/www.cmovalve.com.cn\/wp-content\/uploads\/2024\/05\/fa046c5f1208caedc445ee5eacd7d351.jpeg\" alt=\"\" width=\"36\" height=\"36\" srcset=\"https:\/\/www.cmovalve.com.cn\/wp-content\/uploads\/2024\/05\/fa046c5f1208caedc445ee5eacd7d351.jpeg 500w, https:\/\/www.cmovalve.com.cn\/wp-content\/uploads\/2024\/05\/fa046c5f1208caedc445ee5eacd7d351-300x300.jpeg 300w, https:\/\/www.cmovalve.com.cn\/wp-content\/uploads\/2024\/05\/fa046c5f1208caedc445ee5eacd7d351-150x150.jpeg 150w, https:\/\/www.cmovalve.com.cn\/wp-content\/uploads\/2024\/05\/fa046c5f1208caedc445ee5eacd7d351-100x100.jpeg 100w\" sizes=\"(max-width: 36px) 100vw, 36px\" \/><a href=\"https:\/\/www.cmovalve.com.cn\/wp-content\/uploads\/2024\/05\/Knife-Gate-Valve-Catalogue.pdf\" target=\"_blank\" rel=\"noopener\">Se specifikationskatolog<\/a><\/span><\/h2>\n\t\t<footer data-elementor-type=\"section\" data-elementor-id=\"8285\" class=\"elementor elementor-8285\" data-elementor-post-type=\"elementor_library\">\n\t\t\t\t\t<section class=\"elementor-section elementor-top-section elementor-element elementor-element-4fb773b2 elementor-section-boxed elementor-section-height-default elementor-section-height-default\" data-id=\"4fb773b2\" data-element_type=\"section\" data-settings=\"{&quot;background_background&quot;:&quot;classic&quot;}\">\n\t\t\t\t\t\t<div class=\"elementor-container elementor-column-gap-default\">\n\t\t\t\t\t<div class=\"elementor-column elementor-col-100 elementor-top-column elementor-element elementor-element-7c8a2e9f\" data-id=\"7c8a2e9f\" data-element_type=\"column\">\n\t\t\t<div class=\"elementor-widget-wrap elementor-element-populated\">\n\t\t\t\t\t\t<div class=\"elementor-element elementor-element-74f1936e elementor-button-align-stretch elementor-widget elementor-widget-form\" data-id=\"74f1936e\" data-element_type=\"widget\" data-settings=\"{&quot;step_next_label&quot;:&quot;Next&quot;,&quot;step_previous_label&quot;:&quot;Previous&quot;,&quot;button_width&quot;:&quot;100&quot;,&quot;step_type&quot;:&quot;number_text&quot;,&quot;step_icon_shape&quot;:&quot;circle&quot;}\" data-widget_type=\"form.default\">\n\t\t\t\t<div class=\"elementor-widget-container\">\n\t\t\t\t\t\t\t<form class=\"elementor-form\" method=\"post\" name=\"New Form\" action=\"\">\n\t\t\t<input type=\"hidden\" name=\"post_id\" value=\"8285\"\/>\n\t\t\t<input type=\"hidden\" name=\"form_id\" value=\"74f1936e\"\/>\n\t\t\t<input type=\"hidden\" name=\"referer_title\" value=\"\" \/>\n\n\t\t\t\n\t\t\t<div class=\"elementor-form-fields-wrapper elementor-labels-above\">\n\t\t\t\t\t\t\t\t<div class=\"elementor-field-type-text elementor-field-group elementor-column elementor-field-group-n9wegzr elementor-col-100\">\n\t\t\t\t\t\t\t\t\t\t\t\t<label for=\"form-field-n9wegzr\" class=\"elementor-field-label\">\n\t\t\t\t\t\t\t\tNavn\t\t\t\t\t\t\t<\/label>\n\t\t\t\t\t\t\t\t\t\t\t\t\t\t<input size=\"1\" type=\"text\" name=\"form_fields[n9wegzr]\" id=\"form-field-n9wegzr\" class=\"elementor-field elementor-size-sm  elementor-field-textual\" placeholder=\"Navn\">\n\t\t\t\t\t\t\t\t\t\t\t<\/div>\n\t\t\t\t\t\t\t\t<div class=\"elementor-field-type-email elementor-field-group elementor-column elementor-field-group-n7lumx4 elementor-col-100 elementor-field-required\">\n\t\t\t\t\t\t\t\t\t\t\t\t<label for=\"form-field-n7lumx4\" class=\"elementor-field-label\">\n\t\t\t\t\t\t\t\tE-mail\t\t\t\t\t\t\t<\/label>\n\t\t\t\t\t\t\t\t\t\t\t\t\t\t<input size=\"1\" type=\"email\" name=\"form_fields[n7lumx4]\" id=\"form-field-n7lumx4\" class=\"elementor-field elementor-size-sm  elementor-field-textual\" placeholder=\"E-mail\" required=\"required\">\n\t\t\t\t\t\t\t\t\t\t\t<\/div>\n\t\t\t\t\t\t\t\t<div class=\"elementor-field-type-textarea elementor-field-group elementor-column elementor-field-group-kwb5j3e elementor-col-100\">\n\t\t\t\t\t\t\t\t\t\t\t\t<label for=\"form-field-kwb5j3e\" class=\"elementor-field-label\">\n\t\t\t\t\t\t\t\tBesked\t\t\t\t\t\t\t<\/label>\n\t\t\t\t\t\t<textarea class=\"elementor-field-textual elementor-field  elementor-size-sm\" name=\"form_fields[kwb5j3e]\" id=\"form-field-kwb5j3e\" rows=\"4\" placeholder=\"Besked\"><\/textarea>\t\t\t\t<\/div>\n\t\t\t\t\t\t\t\t<div class=\"elementor-field-type-recaptcha elementor-field-group elementor-column elementor-field-group-field_aee4a2a elementor-col-100\">\n\t\t\t\t\t<div class=\"elementor-field\" id=\"form-field-field_aee4a2a\"><div class=\"elementor-g-recaptcha\" data-sitekey=\"6LdTeoopAAAAACM3wIhMm0djzvBvl0NR5bfIOiWG\" data-type=\"v2_checkbox\" data-theme=\"light\" data-size=\"normal\"><\/div><\/div>\t\t\t\t<\/div>\n\t\t\t\t\t\t\t\t<div class=\"elementor-field-group elementor-column elementor-field-type-submit elementor-col-100 e-form__buttons\">\n\t\t\t\t\t<button class=\"elementor-button elementor-size-sm\" type=\"submit\">\n\t\t\t\t\t\t<span class=\"elementor-button-content-wrapper\">\n\t\t\t\t\t\t\t\t\t\t\t\t\t\t\t\t\t\t\t\t\t\t<span class=\"elementor-button-text\">Send<\/span>\n\t\t\t\t\t\t\t\t\t\t\t\t\t<\/span>\n\t\t\t\t\t<\/button>\n\t\t\t\t<\/div>\n\t\t\t<\/div>\n\t\t<input type=\"hidden\" name=\"trp-form-language\" value=\"da_dk\"\/><\/form>\n\t\t\t\t\t\t<\/div>\n\t\t\t\t<\/div>\n\t\t\t\t\t<\/div>\n\t\t<\/div>\n\t\t\t\t\t<\/div>\n\t\t<\/section>\n\t\t\t\t<\/footer>","protected":false},"excerpt":{"rendered":"<p>BI-DIRECTIONAL HIGH PRESSURE KNIFE GATE VALVE anvendelse<\/p>\n<p>- Anvendes i industrielle applikationer, hvor b\u00e5de opstr\u00f8ms- og nedstr\u00f8mstryk skal reguleres<br \/>\n- Ideel til brug i r\u00f8rledninger, der transporterer v\u00e6sker eller gasser under h\u00f8jt tryk<br \/>\n- Kan bruges i minedrift, olie og gas, kemisk forarbejdning og andre industrier, hvor der er behov for h\u00f8jtryksventiler<br \/>\n- Giver mulighed for pr\u00e6cis kontrol og isolering af flow i h\u00f8jtrykssystemer<br \/>\n- Kan betjenes med fjernbetjening eller manuelt for \u00f8get alsidighed og kontrol<\/p>\n<h2><span data-slate-fragment=\"JTVCJTdCJTIydHlwZSUyMiUzQSUyMnBhcmFncmFwaCUyMiUyQyUyMmNoaWxkcmVuJTIyJTNBJTVCJTdCJTIyaWQlMjIlM0ElMjIzellQcmxvWU1WJTIyJTJDJTIycGFyYUlkeCUyMiUzQTAlMkMlMjJzcmMlMjIlM0ElMjJWaWV3JTIwc3BlY2lmaWNhdGlvbiUyMGNhdG9sb2d1ZSUyMiUyQyUyMmRzdCUyMiUzQSUyMiVFNiU5RiVBNSVFNyU5QyU4QiVFOCVBNyU4NCVFOCU4QyU4MyVFNSU4OCU4NiVFNyVCMSVCQiUyMiUyQyUyMm1ldGFkYXRhJTIyJTNBJTIyJTIyJTJDJTIybWV0YURhdGElMjIlM0ElNUIlNUQlMkMlMjJ0ZXh0JTIyJTNBJTIyVmlldyUyMHNwZWNpZmljYXRpb24lMjBjYXRvbG9ndWUlMjIlN0QlNUQlN0QlNUQ=\"><img decoding=\"async\" class=\"alignnone wp-image-13377\" src=\"https:\/\/www.cmovalve.com.cn\/wp-content\/uploads\/2024\/05\/fa046c5f1208caedc445ee5eacd7d351.jpeg\" alt=\"\" width=\"36\" height=\"36\" srcset=\"https:\/\/www.cmovalve.com.cn\/wp-content\/uploads\/2024\/05\/fa046c5f1208caedc445ee5eacd7d351.jpeg 500w, https:\/\/www.cmovalve.com.cn\/wp-content\/uploads\/2024\/05\/fa046c5f1208caedc445ee5eacd7d351-300x300.jpeg 300w, https:\/\/www.cmovalve.com.cn\/wp-content\/uploads\/2024\/05\/fa046c5f1208caedc445ee5eacd7d351-150x150.jpeg 150w, https:\/\/www.cmovalve.com.cn\/wp-content\/uploads\/2024\/05\/fa046c5f1208caedc445ee5eacd7d351-100x100.jpeg 100w\" sizes=\"(max-width: 36px) 100vw, 36px\" \/><a href=\"https:\/\/www.cmovalve.com.cn\/wp-content\/uploads\/2024\/05\/Knife-Gate-Valve-Catalogue.pdf\" target=\"_blank\" rel=\"noopener\">Se specifikationskatolog<\/a><\/span><\/h2>","protected":false},"featured_media":12046,"comment_status":"closed","ping_status":"closed","template":"","meta":{"iawp_total_views":37},"product_brand":[],"product_cat":[111],"product_tag":[],"class_list":{"0":"post-12741","1":"product","2":"type-product","3":"status-publish","4":"has-post-thumbnail","6":"product_cat-knife-gate-valve","8":"first","9":"instock","10":"featured","11":"shipping-taxable","12":"product-type-simple"},"_links":{"self":[{"href":"https:\/\/www.cmovalve.com.cn\/da_dk\/wp-json\/wp\/v2\/product\/12741"}],"collection":[{"href":"https:\/\/www.cmovalve.com.cn\/da_dk\/wp-json\/wp\/v2\/product"}],"about":[{"href":"https:\/\/www.cmovalve.com.cn\/da_dk\/wp-json\/wp\/v2\/types\/product"}],"replies":[{"embeddable":true,"href":"https:\/\/www.cmovalve.com.cn\/da_dk\/wp-json\/wp\/v2\/comments?post=12741"}],"wp:featuredmedia":[{"embeddable":true,"href":"https:\/\/www.cmovalve.com.cn\/da_dk\/wp-json\/wp\/v2\/media\/12046"}],"wp:attachment":[{"href":"https:\/\/www.cmovalve.com.cn\/da_dk\/wp-json\/wp\/v2\/media?parent=12741"}],"wp:term":[{"taxonomy":"product_brand","embeddable":true,"href":"https:\/\/www.cmovalve.com.cn\/da_dk\/wp-json\/wp\/v2\/product_brand?post=12741"},{"taxonomy":"product_cat","embeddable":true,"href":"https:\/\/www.cmovalve.com.cn\/da_dk\/wp-json\/wp\/v2\/product_cat?post=12741"},{"taxonomy":"product_tag","embeddable":true,"href":"https:\/\/www.cmovalve.com.cn\/da_dk\/wp-json\/wp\/v2\/product_tag?post=12741"}],"curies":[{"name":"wp","href":"https:\/\/api.w.org\/{rel}","templated":true}]}}