{"id":15103,"date":"2024-07-21T11:31:45","date_gmt":"2024-07-21T03:31:45","guid":{"rendered":"https:\/\/www.cmovalve.com.cn\/?post_type=product&#038;p=15103"},"modified":"2024-07-21T11:31:45","modified_gmt":"2024-07-21T03:31:45","slug":"60in_rcp_trash_rack","status":"publish","type":"product","link":"https:\/\/www.cmovalve.com.cn\/da_dk\/product\/60in_rcp_trash_rack\/","title":{"rendered":"60IN_RCP_TRASH_RACK"},"content":{"rendered":"<p>60IN_RCP_TRASH_RACK<\/p>\n<p>Dette s\u00e6rlige affaldsstativ er designet til at forhindre, at stort affald tilstopper afl\u00f8bssystemet. Det er lavet af holdbare materialer, der kan modst\u00e5 elementerne, og kan nemt installeres til langvarig brug. St\u00f8rrelsen p\u00e5 60 tommer sikrer, at den effektivt kan opsamle alt affald, der m\u00e5tte str\u00f8mme gennem systemet, s\u00e5 det holdes rent og fungerer korrekt.<\/p>\n<p>60IN_RCP_TRASH_RACK er en vigtig komponent i spildevandsanl\u00e6g og systemer til h\u00e5ndtering af regnvand. Affaldsstativet er designet til at forhindre, at stort affald tr\u00e6nger ind og tilstopper r\u00f8r, pumper og andet udstyr, og det spiller en afg\u00f8rende rolle for at opretholde effektiviteten og funktionaliteten i disse systemer.<\/p>\n<p>60IN_RCP_TRASH_RACK er lavet af holdbare materialer som armeret beton eller st\u00e5l og er bygget til at modst\u00e5 barske milj\u00f8forhold og tunge belastninger. Designet best\u00e5r af en r\u00e6kke st\u00e6nger eller gitre, der lader vand passere, mens de fanger affald som grene, blade, plastflasker og andet fast affald. Det forhindrer blokeringer og reducerer risikoen for skader p\u00e5 udstyret, s\u00e5 man sparer tid og penge p\u00e5 vedligeholdelse og reparationer.<\/p>\n<p>Korrekt installation og vedligeholdelse af 60IN_RCP_TRASH_RACK er afg\u00f8rende for at sikre dens effektivitet. Regelm\u00e6ssig inspektion og reng\u00f8ring er n\u00f8dvendig for at fjerne ophobet snavs og forhindre tilstopning. I nogle tilf\u00e6lde kan det v\u00e6re n\u00f8dvendigt at udskifte eller reparere affaldsstativet, hvis det bliver beskadiget eller korroderet med tiden.<\/p>\n<p>Ud over sin praktiske funktion spiller 60IN_RCP_TRASH_RACK ogs\u00e5 en rolle i milj\u00f8beskyttelsen. Ved at forhindre stort affald i at komme ud i vandl\u00f8bene hj\u00e6lper affaldsstativet med at opretholde vandkvaliteten og beskytte vand\u00f8kosystemerne mod forurening.<\/p>\n<p>Samlet set er 60IN_RCP_TRASH_RACK en vigtig komponent i spildevands- og regnvandsh\u00e5ndteringssystemer, da den er en effektiv l\u00f8sning til at forhindre affald i at for\u00e5rsage blokeringer og skader. Den holdbare konstruktion, det effektive design og de milj\u00f8m\u00e6ssige fordele g\u00f8r den til et vigtigt redskab til at opretholde disse systemers sundhed og funktionalitet.<\/p>","protected":false},"excerpt":{"rendered":"<p>60IN_RCP_TRASH_RACK<\/p>\n<p>- Design et affaldsstativsystem til et armeret betonr\u00f8r med en diameter p\u00e5 60 tommer<br \/>\n- Brug kraftige materialer til at modst\u00e5 snavs og forhindre tilstopning<br \/>\n- Inkluderer et aftageligt d\u00e6ksel for nem vedligeholdelse og reng\u00f8ring<br \/>\n- Implementer et skr\u00e5t design for at lede affald mod stativet til effektiv fjernelse<br \/>\n- Overvej at tilf\u00f8je et tilbeh\u00f8r til reng\u00f8ring af skraldestativer til automatiserede reng\u00f8ringsprocesser.<\/p>","protected":false},"featured_media":15113,"comment_status":"closed","ping_status":"closed","template":"","meta":{"iawp_total_views":6},"product_brand":[],"product_cat":[150],"product_tag":[],"class_list":{"0":"post-15103","1":"product","2":"type-product","3":"status-publish","4":"has-post-thumbnail","6":"product_cat-trash-rack","8":"first","9":"instock","10":"shipping-taxable","11":"product-type-simple"},"_links":{"self":[{"href":"https:\/\/www.cmovalve.com.cn\/da_dk\/wp-json\/wp\/v2\/product\/15103"}],"collection":[{"href":"https:\/\/www.cmovalve.com.cn\/da_dk\/wp-json\/wp\/v2\/product"}],"about":[{"href":"https:\/\/www.cmovalve.com.cn\/da_dk\/wp-json\/wp\/v2\/types\/product"}],"replies":[{"embeddable":true,"href":"https:\/\/www.cmovalve.com.cn\/da_dk\/wp-json\/wp\/v2\/comments?post=15103"}],"wp:featuredmedia":[{"embeddable":true,"href":"https:\/\/www.cmovalve.com.cn\/da_dk\/wp-json\/wp\/v2\/media\/15113"}],"wp:attachment":[{"href":"https:\/\/www.cmovalve.com.cn\/da_dk\/wp-json\/wp\/v2\/media?parent=15103"}],"wp:term":[{"taxonomy":"product_brand","embeddable":true,"href":"https:\/\/www.cmovalve.com.cn\/da_dk\/wp-json\/wp\/v2\/product_brand?post=15103"},{"taxonomy":"product_cat","embeddable":true,"href":"https:\/\/www.cmovalve.com.cn\/da_dk\/wp-json\/wp\/v2\/product_cat?post=15103"},{"taxonomy":"product_tag","embeddable":true,"href":"https:\/\/www.cmovalve.com.cn\/da_dk\/wp-json\/wp\/v2\/product_tag?post=15103"}],"curies":[{"name":"wp","href":"https:\/\/api.w.org\/{rel}","templated":true}]}}